{"id":333,"date":"2016-05-20T13:36:06","date_gmt":"2016-05-20T11:36:06","guid":{"rendered":"https:\/\/www.broker-solutions.be\/type1\/mentions-legales\/"},"modified":"2017-01-20T14:00:51","modified_gmt":"2017-01-20T13:00:51","slug":"mentions-legales","status":"publish","type":"page","link":"https:\/\/www.broker-solutions.be\/type1\/mentions-legales\/","title":{"rendered":"Mentions l\u00e9gales"},"content":{"rendered":"<h2>Information<\/h2>\n<p>Les informations et outils mis \u00e0 disposition sur ce site ont une valeur purement informative. Nous prenons toutes les mesures raisonnables pour veiller \u00e0 la qualit\u00e9 des informations et outils sur ce site, notamment en les actualisant r\u00e9guli\u00e8rement. Nous d\u00e9clinons cependant toute responsabilit\u00e9 quant \u00e0 l&rsquo;exactitude ou au caract\u00e8re complet des informations et outils mis \u00e0 disposition sur ce site, sur les sites auxquels il r\u00e9f\u00e8re ou sur les sites web qui y r\u00e9f\u00e8rent. En cas de force majeure, l&rsquo;acc\u00e8s \u00e0 ce site peut \u00eatre interrompu. Nous pouvons \u00e9galement interrompre l&rsquo;acc\u00e8s \u00e0 des fins d&rsquo;entretien, d&rsquo;adaptation ou pour toute autre raison. Nous d\u00e9clinons toute responsabilit\u00e9 pour les \u00e9ventuelles interruptions et cons\u00e9quences de celles-ci pour l&rsquo;utilisateur. Si nous sommes avertis d\u2019\u00e9ventuelles erreurs, nous les rectifierons aussi vite que possible.<\/p>\n<h2>Droits d&rsquo;auteur<\/h2>\n<p>Les informations, outils, donn\u00e9es et autres \u00e9l\u00e9ments pr\u00e9sent\u00e9s sur ce site portail sont et restent notre propri\u00e9t\u00e9. La reproduction, diffusion, publication, reprise, etc. partielles ou totales des informations, outils, donn\u00e9es ou autres \u00e9l\u00e9ments de ce site web \u00e0 d&rsquo;autres fins que l&rsquo;utilisation personnelle ou priv\u00e9e sont interdites, sauf si nous en donnons l&rsquo;autorisation \u00e9crite pr\u00e9alable.<\/p>\n<h2>Lettre d\u2019information, contact et respect de la vie priv\u00e9e<\/h2>\n<p>Nous publions une lettre d\u2019information \u00e0 destination des personnes int\u00e9ress\u00e9es par l&rsquo;assurance et la finance, par nos services et par d\u2019autres sujets apparent\u00e9s. Si vous vous abonnez \u00e0 cette lettre d\u2019information, vos coordonn\u00e9es seront ajout\u00e9es, avec votre autorisation explicite, \u00e0 notre liste de destinataires. La liste sera utilis\u00e9e exclusivement pour l&rsquo;envoi de la lettre d&rsquo;information. Chaque lettre d&rsquo;information comporte un lien vous permettant de vous d\u00e9sabonner. Si vous vous d\u00e9sabonnez de ce service, vos coordonn\u00e9es seront supprim\u00e9es de notre liste d\u2019envoi.<\/p>\n<p>Si vous laissez un message sur ce site via le formulaire de contact, vous devez mentionner votre nom et votre adresse e-mail pour que nous puissions r\u00e9pondre \u00e0 votre question. Nous veillons \u00e0 respecter la loi du 8 d\u00e9cembre 1992 relative \u00e0 la protection de la vie priv\u00e9e \u00e0 l&rsquo;\u00e9gard des traitements de donn\u00e9es \u00e0 caract\u00e8re personnel.<\/p>\n<p>Vous pouvez consulter ce site web anonymement. Nous n\u2019enregistrons pas de noms ou d\u2019autres donn\u00e9es r\u00e9v\u00e9lant l\u2019identit\u00e9 des visiteurs de ce site. En revanche, des donn\u00e9es statistiques importantes pour optimiser le site web sont enregistr\u00e9es.<\/p>\n<h2>Politique en mati\u00e8re de Cookies<\/h2>\n<p>Ce site internet utilise des cookies afin de rendre votre utilisation de ce site plus efficace. Ces cookies sont des petits \u00e9l\u00e9ments d\u2019informations install\u00e9s sur votre interface pour surfer sur internet (ordinateur, tablette ou smartphone) afin que votre prochaine visite sur notre site soit aussi agr\u00e9able que possible. Ces cookies ne contiennent aucune donn\u00e9e personnelle comme votre nom ou votre adresse. Les informations r\u00e9colt\u00e9es par les cookies ont pour seul objectif de pouvoir lire les donn\u00e9es de votre browser et de vous proposer notre site de la mani\u00e8re la plus performante. Vous pouvez d\u00e9sactiver les cookies via la modification des param\u00e8tres de votre browser mais cela peut limiter certaines fonctionnalit\u00e9s du site ou en diminuer la facilit\u00e9 d&rsquo;utilisation. Pour plus d\u2019informations sur la d\u00e9sactivation des cookies : <a href=\"http:\/\/www.aboutcookies.org\" target=\"_blank\">http:\/\/www.aboutcookies.org<\/a>\/.<\/p>\n","protected":false},"excerpt":{"rendered":"<p>Information Les informations et outils mis \u00e0 disposition sur ce site ont une valeur purement informative. Nous prenons toutes les mesures raisonnables pour veiller \u00e0 la qualit\u00e9 des informations et outils sur ce site, notamment en les actualisant r\u00e9guli\u00e8rement. Nous d\u00e9clinons cependant toute responsabilit\u00e9 quant \u00e0 l&rsquo;exactitude ou au caract\u00e8re complet des informations et outils [&hellip;]<\/p>\n","protected":false},"author":1,"featured_media":0,"parent":0,"menu_order":0,"comment_status":"closed","ping_status":"closed","template":"page-mentions-legales.php","meta":{"_acf_changed":false,"footnotes":""},"class_list":["post-333","page","type-page","status-publish","hentry"],"acf":[],"yoast_head":"<!-- This site is optimized with the Yoast SEO plugin v27.2 - https:\/\/yoast.com\/product\/yoast-seo-wordpress\/ -->\n<title>Mentions l\u00e9gales - OnePage Statique<\/title>\n<meta name=\"robots\" content=\"index, follow, max-snippet:-1, max-image-preview:large, max-video-preview:-1\" \/>\n<link rel=\"canonical\" href=\"https:\/\/www.broker-solutions.be\/type1\/mentions-legales\/\" \/>\n<meta property=\"og:locale\" content=\"fr_FR\" \/>\n<meta property=\"og:type\" content=\"article\" \/>\n<meta property=\"og:title\" content=\"Mentions l\u00e9gales - OnePage Statique\" \/>\n<meta property=\"og:description\" content=\"Information Les informations et outils mis \u00e0 disposition sur ce site ont une valeur purement informative. Nous prenons toutes les mesures raisonnables pour veiller \u00e0 la qualit\u00e9 des informations et outils sur ce site, notamment en les actualisant r\u00e9guli\u00e8rement. Nous d\u00e9clinons cependant toute responsabilit\u00e9 quant \u00e0 l&rsquo;exactitude ou au caract\u00e8re complet des informations et outils [&hellip;]\" \/>\n<meta property=\"og:url\" content=\"https:\/\/www.broker-solutions.be\/type1\/mentions-legales\/\" \/>\n<meta property=\"og:site_name\" content=\"OnePage Statique\" \/>\n<meta property=\"article:modified_time\" content=\"2017-01-20T13:00:51+00:00\" \/>\n<meta name=\"twitter:card\" content=\"summary_large_image\" \/>\n<meta name=\"twitter:label1\" content=\"Dur\u00e9e de lecture est.\" \/>\n\t<meta name=\"twitter:data1\" content=\"3 minutes\" \/>\n<script type=\"application\/ld+json\" class=\"yoast-schema-graph\">{\"@context\":\"https:\/\/schema.org\",\"@graph\":[{\"@type\":\"WebPage\",\"@id\":\"https:\/\/www.broker-solutions.be\/type1\/mentions-legales\/\",\"url\":\"https:\/\/www.broker-solutions.be\/type1\/mentions-legales\/\",\"name\":\"Mentions l\u00e9gales - OnePage Statique\",\"isPartOf\":{\"@id\":\"https:\/\/www.broker-solutions.be\/type1\/#website\"},\"datePublished\":\"2016-05-20T11:36:06+00:00\",\"dateModified\":\"2017-01-20T13:00:51+00:00\",\"breadcrumb\":{\"@id\":\"https:\/\/www.broker-solutions.be\/type1\/mentions-legales\/#breadcrumb\"},\"inLanguage\":\"fr-BE\",\"potentialAction\":[{\"@type\":\"ReadAction\",\"target\":[\"https:\/\/www.broker-solutions.be\/type1\/mentions-legales\/\"]}]},{\"@type\":\"BreadcrumbList\",\"@id\":\"https:\/\/www.broker-solutions.be\/type1\/mentions-legales\/#breadcrumb\",\"itemListElement\":[{\"@type\":\"ListItem\",\"position\":1,\"name\":\"Home\",\"item\":\"https:\/\/www.broker-solutions.be\/type1\/\"},{\"@type\":\"ListItem\",\"position\":2,\"name\":\"Mentions l\u00e9gales\"}]},{\"@type\":\"WebSite\",\"@id\":\"https:\/\/www.broker-solutions.be\/type1\/#website\",\"url\":\"https:\/\/www.broker-solutions.be\/type1\/\",\"name\":\"OnePage Statique\",\"description\":\"\",\"potentialAction\":[{\"@type\":\"SearchAction\",\"target\":{\"@type\":\"EntryPoint\",\"urlTemplate\":\"https:\/\/www.broker-solutions.be\/type1\/?s={search_term_string}\"},\"query-input\":{\"@type\":\"PropertyValueSpecification\",\"valueRequired\":true,\"valueName\":\"search_term_string\"}}],\"inLanguage\":\"fr-BE\"}]}<\/script>\n<!-- \/ Yoast SEO plugin. -->","yoast_head_json":{"title":"Mentions l\u00e9gales - OnePage Statique","robots":{"index":"index","follow":"follow","max-snippet":"max-snippet:-1","max-image-preview":"max-image-preview:large","max-video-preview":"max-video-preview:-1"},"canonical":"https:\/\/www.broker-solutions.be\/type1\/mentions-legales\/","og_locale":"fr_FR","og_type":"article","og_title":"Mentions l\u00e9gales - OnePage Statique","og_description":"Information Les informations et outils mis \u00e0 disposition sur ce site ont une valeur purement informative. Nous prenons toutes les mesures raisonnables pour veiller \u00e0 la qualit\u00e9 des informations et outils sur ce site, notamment en les actualisant r\u00e9guli\u00e8rement. Nous d\u00e9clinons cependant toute responsabilit\u00e9 quant \u00e0 l&rsquo;exactitude ou au caract\u00e8re complet des informations et outils [&hellip;]","og_url":"https:\/\/www.broker-solutions.be\/type1\/mentions-legales\/","og_site_name":"OnePage Statique","article_modified_time":"2017-01-20T13:00:51+00:00","twitter_card":"summary_large_image","twitter_misc":{"Dur\u00e9e de lecture est.":"3 minutes"},"schema":{"@context":"https:\/\/schema.org","@graph":[{"@type":"WebPage","@id":"https:\/\/www.broker-solutions.be\/type1\/mentions-legales\/","url":"https:\/\/www.broker-solutions.be\/type1\/mentions-legales\/","name":"Mentions l\u00e9gales - OnePage Statique","isPartOf":{"@id":"https:\/\/www.broker-solutions.be\/type1\/#website"},"datePublished":"2016-05-20T11:36:06+00:00","dateModified":"2017-01-20T13:00:51+00:00","breadcrumb":{"@id":"https:\/\/www.broker-solutions.be\/type1\/mentions-legales\/#breadcrumb"},"inLanguage":"fr-BE","potentialAction":[{"@type":"ReadAction","target":["https:\/\/www.broker-solutions.be\/type1\/mentions-legales\/"]}]},{"@type":"BreadcrumbList","@id":"https:\/\/www.broker-solutions.be\/type1\/mentions-legales\/#breadcrumb","itemListElement":[{"@type":"ListItem","position":1,"name":"Home","item":"https:\/\/www.broker-solutions.be\/type1\/"},{"@type":"ListItem","position":2,"name":"Mentions l\u00e9gales"}]},{"@type":"WebSite","@id":"https:\/\/www.broker-solutions.be\/type1\/#website","url":"https:\/\/www.broker-solutions.be\/type1\/","name":"OnePage Statique","description":"","potentialAction":[{"@type":"SearchAction","target":{"@type":"EntryPoint","urlTemplate":"https:\/\/www.broker-solutions.be\/type1\/?s={search_term_string}"},"query-input":{"@type":"PropertyValueSpecification","valueRequired":true,"valueName":"search_term_string"}}],"inLanguage":"fr-BE"}]}},"_links":{"self":[{"href":"https:\/\/www.broker-solutions.be\/type1\/wp-json\/wp\/v2\/pages\/333","targetHints":{"allow":["GET"]}}],"collection":[{"href":"https:\/\/www.broker-solutions.be\/type1\/wp-json\/wp\/v2\/pages"}],"about":[{"href":"https:\/\/www.broker-solutions.be\/type1\/wp-json\/wp\/v2\/types\/page"}],"author":[{"embeddable":true,"href":"https:\/\/www.broker-solutions.be\/type1\/wp-json\/wp\/v2\/users\/1"}],"replies":[{"embeddable":true,"href":"https:\/\/www.broker-solutions.be\/type1\/wp-json\/wp\/v2\/comments?post=333"}],"version-history":[{"count":0,"href":"https:\/\/www.broker-solutions.be\/type1\/wp-json\/wp\/v2\/pages\/333\/revisions"}],"wp:attachment":[{"href":"https:\/\/www.broker-solutions.be\/type1\/wp-json\/wp\/v2\/media?parent=333"}],"curies":[{"name":"wp","href":"https:\/\/api.w.org\/{rel}","templated":true}]}}