{"id":49,"date":"2016-04-20T13:56:49","date_gmt":"2016-04-20T11:56:49","guid":{"rendered":"https:\/\/www.broker-solutions.be\/type1\/?page_id=49"},"modified":"2018-07-10T09:02:37","modified_gmt":"2018-07-10T07:02:37","slug":"accueil","status":"publish","type":"page","link":"https:\/\/www.broker-solutions.be\/type1\/","title":{"rendered":"Accueil"},"content":{"rendered":"","protected":false},"excerpt":{"rendered":"","protected":false},"author":1,"featured_media":0,"parent":0,"menu_order":0,"comment_status":"closed","ping_status":"closed","template":"page-accueil.php","meta":{"_acf_changed":false,"footnotes":""},"class_list":["post-49","page","type-page","status-publish","hentry"],"acf":[],"yoast_head":"<!-- This site is optimized with the Yoast SEO plugin v27.2 - https:\/\/yoast.com\/product\/yoast-seo-wordpress\/ -->\n<title>Site courtier sp\u00e9cialis\u00e9 dans l&#039;assurance et le courtage (D\u00e9mo - Type 1)<\/title>\n<meta name=\"description\" content=\"Site sp\u00e9cialis\u00e9 et optimis\u00e9 pour les besoins des courtiers en assurances, nous d\u00e9veloppons pour vous votre site d&#039;assurance selon vos besoin et philosophie.\" \/>\n<meta name=\"robots\" content=\"index, follow, max-snippet:-1, max-image-preview:large, max-video-preview:-1\" \/>\n<link rel=\"canonical\" href=\"https:\/\/www.broker-solutions.be\/type1\/\" \/>\n<meta property=\"og:locale\" content=\"fr_FR\" \/>\n<meta property=\"og:type\" content=\"article\" \/>\n<meta property=\"og:title\" content=\"Site courtier sp\u00e9cialis\u00e9 dans l&#039;assurance et le courtage (D\u00e9mo - Type 1)\" \/>\n<meta property=\"og:description\" content=\"Site sp\u00e9cialis\u00e9 et optimis\u00e9 pour les besoins des courtiers en assurances, nous d\u00e9veloppons pour vous votre site d&#039;assurance selon vos besoin et philosophie.\" \/>\n<meta property=\"og:url\" content=\"https:\/\/www.broker-solutions.be\/type1\/\" \/>\n<meta property=\"og:site_name\" content=\"OnePage Statique\" \/>\n<meta property=\"article:modified_time\" content=\"2018-07-10T07:02:37+00:00\" \/>\n<meta name=\"twitter:card\" content=\"summary_large_image\" \/>\n<script type=\"application\/ld+json\" class=\"yoast-schema-graph\">{\"@context\":\"https:\/\/schema.org\",\"@graph\":[{\"@type\":\"WebPage\",\"@id\":\"https:\/\/www.broker-solutions.be\/type1\/\",\"url\":\"https:\/\/www.broker-solutions.be\/type1\/\",\"name\":\"Site courtier sp\u00e9cialis\u00e9 dans l'assurance et le courtage (D\u00e9mo - Type 1)\",\"isPartOf\":{\"@id\":\"https:\/\/www.broker-solutions.be\/type1\/#website\"},\"datePublished\":\"2016-04-20T11:56:49+00:00\",\"dateModified\":\"2018-07-10T07:02:37+00:00\",\"description\":\"Site sp\u00e9cialis\u00e9 et optimis\u00e9 pour les besoins des courtiers en assurances, nous d\u00e9veloppons pour vous votre site d'assurance selon vos besoin et philosophie.\",\"breadcrumb\":{\"@id\":\"https:\/\/www.broker-solutions.be\/type1\/#breadcrumb\"},\"inLanguage\":\"fr-BE\",\"potentialAction\":[{\"@type\":\"ReadAction\",\"target\":[\"https:\/\/www.broker-solutions.be\/type1\/\"]}]},{\"@type\":\"BreadcrumbList\",\"@id\":\"https:\/\/www.broker-solutions.be\/type1\/#breadcrumb\",\"itemListElement\":[{\"@type\":\"ListItem\",\"position\":1,\"name\":\"Home\",\"item\":\"https:\/\/www.broker-solutions.be\/type1\/\"},{\"@type\":\"ListItem\",\"position\":2,\"name\":\"Accueil\"}]},{\"@type\":\"WebSite\",\"@id\":\"https:\/\/www.broker-solutions.be\/type1\/#website\",\"url\":\"https:\/\/www.broker-solutions.be\/type1\/\",\"name\":\"OnePage Statique\",\"description\":\"\",\"potentialAction\":[{\"@type\":\"SearchAction\",\"target\":{\"@type\":\"EntryPoint\",\"urlTemplate\":\"https:\/\/www.broker-solutions.be\/type1\/?s={search_term_string}\"},\"query-input\":{\"@type\":\"PropertyValueSpecification\",\"valueRequired\":true,\"valueName\":\"search_term_string\"}}],\"inLanguage\":\"fr-BE\"}]}<\/script>\n<!-- \/ Yoast SEO plugin. -->","yoast_head_json":{"title":"Site courtier sp\u00e9cialis\u00e9 dans l'assurance et le courtage (D\u00e9mo - Type 1)","description":"Site sp\u00e9cialis\u00e9 et optimis\u00e9 pour les besoins des courtiers en assurances, nous d\u00e9veloppons pour vous votre site d'assurance selon vos besoin et philosophie.","robots":{"index":"index","follow":"follow","max-snippet":"max-snippet:-1","max-image-preview":"max-image-preview:large","max-video-preview":"max-video-preview:-1"},"canonical":"https:\/\/www.broker-solutions.be\/type1\/","og_locale":"fr_FR","og_type":"article","og_title":"Site courtier sp\u00e9cialis\u00e9 dans l'assurance et le courtage (D\u00e9mo - Type 1)","og_description":"Site sp\u00e9cialis\u00e9 et optimis\u00e9 pour les besoins des courtiers en assurances, nous d\u00e9veloppons pour vous votre site d'assurance selon vos besoin et philosophie.","og_url":"https:\/\/www.broker-solutions.be\/type1\/","og_site_name":"OnePage Statique","article_modified_time":"2018-07-10T07:02:37+00:00","twitter_card":"summary_large_image","schema":{"@context":"https:\/\/schema.org","@graph":[{"@type":"WebPage","@id":"https:\/\/www.broker-solutions.be\/type1\/","url":"https:\/\/www.broker-solutions.be\/type1\/","name":"Site courtier sp\u00e9cialis\u00e9 dans l'assurance et le courtage (D\u00e9mo - Type 1)","isPartOf":{"@id":"https:\/\/www.broker-solutions.be\/type1\/#website"},"datePublished":"2016-04-20T11:56:49+00:00","dateModified":"2018-07-10T07:02:37+00:00","description":"Site sp\u00e9cialis\u00e9 et optimis\u00e9 pour les besoins des courtiers en assurances, nous d\u00e9veloppons pour vous votre site d'assurance selon vos besoin et philosophie.","breadcrumb":{"@id":"https:\/\/www.broker-solutions.be\/type1\/#breadcrumb"},"inLanguage":"fr-BE","potentialAction":[{"@type":"ReadAction","target":["https:\/\/www.broker-solutions.be\/type1\/"]}]},{"@type":"BreadcrumbList","@id":"https:\/\/www.broker-solutions.be\/type1\/#breadcrumb","itemListElement":[{"@type":"ListItem","position":1,"name":"Home","item":"https:\/\/www.broker-solutions.be\/type1\/"},{"@type":"ListItem","position":2,"name":"Accueil"}]},{"@type":"WebSite","@id":"https:\/\/www.broker-solutions.be\/type1\/#website","url":"https:\/\/www.broker-solutions.be\/type1\/","name":"OnePage Statique","description":"","potentialAction":[{"@type":"SearchAction","target":{"@type":"EntryPoint","urlTemplate":"https:\/\/www.broker-solutions.be\/type1\/?s={search_term_string}"},"query-input":{"@type":"PropertyValueSpecification","valueRequired":true,"valueName":"search_term_string"}}],"inLanguage":"fr-BE"}]}},"_links":{"self":[{"href":"https:\/\/www.broker-solutions.be\/type1\/wp-json\/wp\/v2\/pages\/49","targetHints":{"allow":["GET"]}}],"collection":[{"href":"https:\/\/www.broker-solutions.be\/type1\/wp-json\/wp\/v2\/pages"}],"about":[{"href":"https:\/\/www.broker-solutions.be\/type1\/wp-json\/wp\/v2\/types\/page"}],"author":[{"embeddable":true,"href":"https:\/\/www.broker-solutions.be\/type1\/wp-json\/wp\/v2\/users\/1"}],"replies":[{"embeddable":true,"href":"https:\/\/www.broker-solutions.be\/type1\/wp-json\/wp\/v2\/comments?post=49"}],"version-history":[{"count":0,"href":"https:\/\/www.broker-solutions.be\/type1\/wp-json\/wp\/v2\/pages\/49\/revisions"}],"wp:attachment":[{"href":"https:\/\/www.broker-solutions.be\/type1\/wp-json\/wp\/v2\/media?parent=49"}],"curies":[{"name":"wp","href":"https:\/\/api.w.org\/{rel}","templated":true}]}}